{"id":380,"date":"2026-01-22T23:57:01","date_gmt":"2026-01-22T23:57:01","guid":{"rendered":"https:\/\/construccioneshuancas.com\/?page_id=380"},"modified":"2026-02-05T20:58:51","modified_gmt":"2026-02-05T20:58:51","slug":"proyectos","status":"publish","type":"page","link":"https:\/\/construccioneshuancas.com\/index.php\/proyectos\/","title":{"rendered":"Proyectos"},"content":{"rendered":"<p>[et_pb_section fb_built=\u00bb1&#8243; _builder_version=\u00bb4.27.5&#8243; _module_preset=\u00bbdefault\u00bb background_color=\u00bb#cfd9f7&#8243; global_colors_info=\u00bb{}\u00bb][et_pb_row _builder_version=\u00bb4.27.5&#8243; _module_preset=\u00bbdefault\u00bb global_colors_info=\u00bb{}\u00bb][et_pb_column type=\u00bb4_4&#8243; _builder_version=\u00bb4.27.5&#8243; _module_preset=\u00bbdefault\u00bb global_colors_info=\u00bb{}\u00bb][et_pb_heading title=\u00bbPROYECTOS\u00bb _builder_version=\u00bb4.27.5&#8243; _module_preset=\u00bbdefault\u00bb title_font=\u00bb|700|||||||\u00bb title_text_align=\u00bbcenter\u00bb global_colors_info=\u00bb{}\u00bb][\/et_pb_heading][\/et_pb_column][\/et_pb_row][\/et_pb_section][et_pb_section fb_built=\u00bb1&#8243; fullwidth=\u00bbon\u00bb _builder_version=\u00bb4.27.4&#8243; _module_preset=\u00bbdefault\u00bb background_color=\u00bb#FFFFFF\u00bb global_module=\u00bb387&#8243; global_colors_info=\u00bb{}\u00bb][et_pb_fullwidth_slider show_image_video_mobile=\u00bbon\u00bb arrows_custom_color=\u00bb#000000&#8243; dot_nav_custom_color=\u00bb#000000&#8243; _builder_version=\u00bb4.27.4&#8243; _module_preset=\u00bbdefault\u00bb header_text_color=\u00bb#000000&#8243; header_font_size=\u00bb28px\u00bb body_text_color=\u00bb#000000&#8243; background_color=\u00bb#FFFFFF\u00bb custom_button=\u00bbon\u00bb button_text_color=\u00bb#000000&#8243; custom_padding=\u00bb38px|||||\u00bb global_colors_info=\u00bb{}\u00bb][et_pb_slide heading=\u00bbCONSTRUCCI\u00d3N DE PISTAS Y VEREDAS DE MORO\u00bb image=\u00bbhttps:\/\/construccioneshuancas.com\/wp-content\/uploads\/2025\/12\/MEJORAMIENTODEVEREDAS.jpg\u00bb _builder_version=\u00bb4.27.4&#8243; _module_preset=\u00bbdefault\u00bb global_colors_info=\u00bb{}\u00bb sticky_transition=\u00bbon\u00bb]<\/p>\n<p><strong>UBICACI\u00d3N:<\/strong> DISTRITO JOS\u00c9 LEONARDO ORTIZ &#8211; CHICLAYO<br \/><strong>ENTIDAD CONTRATANTE:<\/strong><br \/>MUNICIPALIDAD JOS\u00c9 LEONARDO ORTIZ<br \/><strong>SUB CONTRATO:<\/strong> CONSTRUCCIONES HUANCAS E.I.R.L.<\/p>\n<p><strong>PLAZO: INICIO:<\/strong> 15\/08\/22 &#8211; T\u00c9RMINO: 30\/09\/22<\/p>\n<p>[\/et_pb_slide][et_pb_slide heading=\u00bbAMPLIACI\u00d3N Y MEJORAMIENTO DE VEREDAS\u00bb image=\u00bbhttps:\/\/construccioneshuancas.com\/wp-content\/uploads\/2025\/12\/AMPLIACIONDEVEREDAS.jpg\u00bb _builder_version=\u00bb4.27.4&#8243; _module_preset=\u00bbdefault\u00bb global_colors_info=\u00bb{}\u00bb sticky_transition=\u00bbon\u00bb]<\/p>\n<p><strong>UBICACI\u00d3N:<\/strong> OLMOS, LAMBAYEQUE<br \/><strong>ENTIDAD CONTRATANTE:<\/strong><br \/>MUNICIPALIDAD DE OLMOS<br \/><strong>SUB CONTRATO:<\/strong> CONSTRUCCIONES HUANCAS E.I.R.L.<\/p>\n<p><strong>PLAZO: INICIO:<\/strong> 12\/08\/22 &#8211; T\u00c9RMINO: 12\/11\/22<\/p>\n<p>[\/et_pb_slide][et_pb_slide heading=\u00bbCONSORCIO SANEAMIENTO HUARMEY\u00bb image=\u00bbhttps:\/\/construccioneshuancas.com\/wp-content\/uploads\/2025\/12\/SANEAMIENTOHUARMEY.jpg\u00bb _builder_version=\u00bb4.27.4&#8243; _module_preset=\u00bbdefault\u00bb global_colors_info=\u00bb{}\u00bb sticky_transition=\u00bbon\u00bb]<\/p>\n<p><strong>UBICACI\u00d3N:<\/strong> HUARMEY \u2013 DPTO. ANCASH<br \/><strong>ENTIDAD CONTRATANTE:<\/strong><br \/>CONSORCIO CVC<br \/><strong>SUB CONTRATO:<\/strong> CONSTRUCCIONES HUANCAS E.I.R.L.<\/p>\n<p><strong>PLAZO:<\/strong> INICIO: 05\/10\/15 &#8211; T\u00c9RMINO: En ejecuci\u00f3n<\/p>\n<p>[\/et_pb_slide][\/et_pb_fullwidth_slider][\/et_pb_section][et_pb_section fb_built=\u00bb1&#8243; _builder_version=\u00bb4.27.5&#8243; _module_preset=\u00bbdefault\u00bb custom_padding=\u00bb23px||31px|||\u00bb global_colors_info=\u00bb{}\u00bb theme_builder_area=\u00bbpost_content\u00bb][et_pb_row column_structure=\u00bb1_3,1_3,1_3&#8243; _builder_version=\u00bb4.27.5&#8243; _module_preset=\u00bbdefault\u00bb custom_padding=\u00bb26px||6px|||\u00bb global_colors_info=\u00bb{}\u00bb theme_builder_area=\u00bbpost_content\u00bb][et_pb_column type=\u00bb1_3&#8243; _builder_version=\u00bb4.27.5&#8243; _module_preset=\u00bbdefault\u00bb global_colors_info=\u00bb{}\u00bb theme_builder_area=\u00bbpost_content\u00bb][\/et_pb_column][et_pb_column type=\u00bb1_3&#8243; _builder_version=\u00bb4.27.5&#8243; _module_preset=\u00bbdefault\u00bb global_colors_info=\u00bb{}\u00bb theme_builder_area=\u00bbpost_content\u00bb][et_pb_heading title=\u00bbS\u00edguenos en nuestras redes sociales:\u00bb _builder_version=\u00bb4.27.5&#8243; _module_preset=\u00bbdefault\u00bb title_text_align=\u00bbcenter\u00bb title_font_size=\u00bb20px\u00bb custom_padding=\u00bb||0px|||\u00bb global_colors_info=\u00bb{}\u00bb theme_builder_area=\u00bbpost_content\u00bb][\/et_pb_heading][\/et_pb_column][et_pb_column type=\u00bb1_3&#8243; _builder_version=\u00bb4.27.5&#8243; _module_preset=\u00bbdefault\u00bb global_colors_info=\u00bb{}\u00bb theme_builder_area=\u00bbpost_content\u00bb][\/et_pb_column][\/et_pb_row][et_pb_row column_structure=\u00bb1_3,1_3,1_3&#8243; _builder_version=\u00bb4.27.5&#8243; _module_preset=\u00bbdefault\u00bb custom_margin=\u00bb-5px|auto||auto||\u00bb custom_padding=\u00bb3px||16px|||\u00bb global_colors_info=\u00bb{}\u00bb theme_builder_area=\u00bbpost_content\u00bb][et_pb_column type=\u00bb1_3&#8243; _builder_version=\u00bb4.27.5&#8243; _module_preset=\u00bbdefault\u00bb global_colors_info=\u00bb{}\u00bb theme_builder_area=\u00bbpost_content\u00bb][\/et_pb_column][et_pb_column type=\u00bb1_3&#8243; _builder_version=\u00bb4.27.5&#8243; _module_preset=\u00bbdefault\u00bb global_colors_info=\u00bb{}\u00bb theme_builder_area=\u00bbpost_content\u00bb][et_pb_social_media_follow use_icon_font_size=\u00bbon\u00bb icon_font_size=\u00bb24px\u00bb _builder_version=\u00bb4.27.5&#8243; _module_preset=\u00bbdefault\u00bb text_orientation=\u00bbcenter\u00bb global_colors_info=\u00bb{}\u00bb theme_builder_area=\u00bbpost_content\u00bb][et_pb_social_media_follow_network social_network=\u00bbfacebook\u00bb url=\u00bbhttps:\/\/www.facebook.com\/ConstruccionesHuancas\/\u00bb _builder_version=\u00bb4.27.5&#8243; _module_preset=\u00bbdefault\u00bb background_color=\u00bb#3b5998&#8243; global_colors_info=\u00bb{}\u00bb theme_builder_area=\u00bbpost_content\u00bb follow_button=\u00bboff\u00bb url_new_window=\u00bbon\u00bb]facebook[\/et_pb_social_media_follow_network][et_pb_social_media_follow_network social_network=\u00bbtiktok\u00bb url=\u00bbhttps:\/\/www.tiktok.com\/@construcciones_huancas\u00bb _builder_version=\u00bb4.27.5&#8243; _module_preset=\u00bbdefault\u00bb background_color=\u00bb#fe2c55&#8243; global_colors_info=\u00bb{}\u00bb theme_builder_area=\u00bbpost_content\u00bb follow_button=\u00bboff\u00bb url_new_window=\u00bbon\u00bb]tiktok[\/et_pb_social_media_follow_network][et_pb_social_media_follow_network social_network=\u00bbinstagram\u00bb url=\u00bbhttps:\/\/www.instagram.com\/constructorahuancas\/?fbclid=IwY2xjawPXfi1leHRuA2FlbQIxMQBicmlkETFyQzhGODdwa3ZxQWdsTUtUc3J0YwZhcHBfaWQBMAABHgmhgMxggrRWWbn1jM-YDf9fZtCNUbUAJVl059Ix4r2RlAVAlSTiB9-_lgjr_aem_8O4jfUsbIPdwzKf7bv049g\u00bb _builder_version=\u00bb4.27.5&#8243; _module_preset=\u00bbdefault\u00bb background_color=\u00bb#ea2c59&#8243; global_colors_info=\u00bb{}\u00bb theme_builder_area=\u00bbpost_content\u00bb follow_button=\u00bboff\u00bb url_new_window=\u00bbon\u00bb]instagram[\/et_pb_social_media_follow_network][\/et_pb_social_media_follow][\/et_pb_column][et_pb_column type=\u00bb1_3&#8243; _builder_version=\u00bb4.27.5&#8243; _module_preset=\u00bbdefault\u00bb global_colors_info=\u00bb{}\u00bb theme_builder_area=\u00bbpost_content\u00bb][\/et_pb_column][\/et_pb_row][\/et_pb_section]<\/p>\n","protected":false},"excerpt":{"rendered":"<p>UBICACI\u00d3N: DISTRITO JOS\u00c9 LEONARDO ORTIZ &#8211; CHICLAYOENTIDAD CONTRATANTE:MUNICIPALIDAD JOS\u00c9 LEONARDO ORTIZSUB CONTRATO: CONSTRUCCIONES HUANCAS E.I.R.L. PLAZO: INICIO: 15\/08\/22 &#8211; T\u00c9RMINO: 30\/09\/22UBICACI\u00d3N: OLMOS, LAMBAYEQUEENTIDAD CONTRATANTE:MUNICIPALIDAD DE OLMOSSUB CONTRATO: CONSTRUCCIONES HUANCAS E.I.R.L. PLAZO: INICIO: 12\/08\/22 &#8211; T\u00c9RMINO: 12\/11\/22UBICACI\u00d3N: HUARMEY \u2013 DPTO. ANCASHENTIDAD CONTRATANTE:CONSORCIO CVCSUB CONTRATO: CONSTRUCCIONES HUANCAS E.I.R.L. PLAZO: INICIO: 05\/10\/15 &#8211; T\u00c9RMINO: En ejecuci\u00f3n<\/p>\n","protected":false},"author":1,"featured_media":0,"parent":0,"menu_order":0,"comment_status":"closed","ping_status":"closed","template":"","meta":{"_et_pb_use_builder":"on","_et_pb_old_content":"","_et_gb_content_width":"","footnotes":""},"class_list":["post-380","page","type-page","status-publish","hentry"],"yoast_head":"<!-- This site is optimized with the Yoast SEO plugin v26.5 - https:\/\/yoast.com\/wordpress\/plugins\/seo\/ -->\n<title>Proyectos - Constructora Huancas<\/title>\n<meta name=\"robots\" content=\"index, follow, max-snippet:-1, max-image-preview:large, max-video-preview:-1\" \/>\n<link rel=\"canonical\" href=\"https:\/\/construccioneshuancas.com\/index.php\/proyectos\/\" \/>\n<meta property=\"og:locale\" content=\"es_ES\" \/>\n<meta property=\"og:type\" content=\"article\" \/>\n<meta property=\"og:title\" content=\"Proyectos - Constructora Huancas\" \/>\n<meta property=\"og:description\" content=\"UBICACI\u00d3N: DISTRITO JOS\u00c9 LEONARDO ORTIZ - CHICLAYOENTIDAD CONTRATANTE:MUNICIPALIDAD JOS\u00c9 LEONARDO ORTIZSUB CONTRATO: CONSTRUCCIONES HUANCAS E.I.R.L. PLAZO: INICIO: 15\/08\/22 - T\u00c9RMINO: 30\/09\/22UBICACI\u00d3N: OLMOS, LAMBAYEQUEENTIDAD CONTRATANTE:MUNICIPALIDAD DE OLMOSSUB CONTRATO: CONSTRUCCIONES HUANCAS E.I.R.L. PLAZO: INICIO: 12\/08\/22 - T\u00c9RMINO: 12\/11\/22UBICACI\u00d3N: HUARMEY \u2013 DPTO. ANCASHENTIDAD CONTRATANTE:CONSORCIO CVCSUB CONTRATO: CONSTRUCCIONES HUANCAS E.I.R.L. PLAZO: INICIO: 05\/10\/15 - T\u00c9RMINO: En ejecuci\u00f3n\" \/>\n<meta property=\"og:url\" content=\"https:\/\/construccioneshuancas.com\/index.php\/proyectos\/\" \/>\n<meta property=\"og:site_name\" content=\"Constructora Huancas\" \/>\n<meta property=\"article:modified_time\" content=\"2026-02-05T20:58:51+00:00\" \/>\n<meta name=\"twitter:card\" content=\"summary_large_image\" \/>\n<script type=\"application\/ld+json\" class=\"yoast-schema-graph\">{\"@context\":\"https:\/\/schema.org\",\"@graph\":[{\"@type\":\"WebPage\",\"@id\":\"https:\/\/construccioneshuancas.com\/index.php\/proyectos\/\",\"url\":\"https:\/\/construccioneshuancas.com\/index.php\/proyectos\/\",\"name\":\"Proyectos - Constructora Huancas\",\"isPartOf\":{\"@id\":\"https:\/\/construccioneshuancas.com\/#website\"},\"datePublished\":\"2026-01-22T23:57:01+00:00\",\"dateModified\":\"2026-02-05T20:58:51+00:00\",\"breadcrumb\":{\"@id\":\"https:\/\/construccioneshuancas.com\/index.php\/proyectos\/#breadcrumb\"},\"inLanguage\":\"es\",\"potentialAction\":[{\"@type\":\"ReadAction\",\"target\":[\"https:\/\/construccioneshuancas.com\/index.php\/proyectos\/\"]}]},{\"@type\":\"BreadcrumbList\",\"@id\":\"https:\/\/construccioneshuancas.com\/index.php\/proyectos\/#breadcrumb\",\"itemListElement\":[{\"@type\":\"ListItem\",\"position\":1,\"name\":\"Portada\",\"item\":\"https:\/\/construccioneshuancas.com\/\"},{\"@type\":\"ListItem\",\"position\":2,\"name\":\"Proyectos\"}]},{\"@type\":\"WebSite\",\"@id\":\"https:\/\/construccioneshuancas.com\/#website\",\"url\":\"https:\/\/construccioneshuancas.com\/\",\"name\":\"Constructora Huancas\",\"description\":\"Somos una empresa constructora ubicada en la ciudad de Chiclayo, Per\u00fa.\",\"potentialAction\":[{\"@type\":\"SearchAction\",\"target\":{\"@type\":\"EntryPoint\",\"urlTemplate\":\"https:\/\/construccioneshuancas.com\/?s={search_term_string}\"},\"query-input\":{\"@type\":\"PropertyValueSpecification\",\"valueRequired\":true,\"valueName\":\"search_term_string\"}}],\"inLanguage\":\"es\"}]}<\/script>\n<!-- \/ Yoast SEO plugin. -->","yoast_head_json":{"title":"Proyectos - Constructora Huancas","robots":{"index":"index","follow":"follow","max-snippet":"max-snippet:-1","max-image-preview":"max-image-preview:large","max-video-preview":"max-video-preview:-1"},"canonical":"https:\/\/construccioneshuancas.com\/index.php\/proyectos\/","og_locale":"es_ES","og_type":"article","og_title":"Proyectos - Constructora Huancas","og_description":"UBICACI\u00d3N: DISTRITO JOS\u00c9 LEONARDO ORTIZ - CHICLAYOENTIDAD CONTRATANTE:MUNICIPALIDAD JOS\u00c9 LEONARDO ORTIZSUB CONTRATO: CONSTRUCCIONES HUANCAS E.I.R.L. PLAZO: INICIO: 15\/08\/22 - T\u00c9RMINO: 30\/09\/22UBICACI\u00d3N: OLMOS, LAMBAYEQUEENTIDAD CONTRATANTE:MUNICIPALIDAD DE OLMOSSUB CONTRATO: CONSTRUCCIONES HUANCAS E.I.R.L. PLAZO: INICIO: 12\/08\/22 - T\u00c9RMINO: 12\/11\/22UBICACI\u00d3N: HUARMEY \u2013 DPTO. ANCASHENTIDAD CONTRATANTE:CONSORCIO CVCSUB CONTRATO: CONSTRUCCIONES HUANCAS E.I.R.L. PLAZO: INICIO: 05\/10\/15 - T\u00c9RMINO: En ejecuci\u00f3n","og_url":"https:\/\/construccioneshuancas.com\/index.php\/proyectos\/","og_site_name":"Constructora Huancas","article_modified_time":"2026-02-05T20:58:51+00:00","twitter_card":"summary_large_image","schema":{"@context":"https:\/\/schema.org","@graph":[{"@type":"WebPage","@id":"https:\/\/construccioneshuancas.com\/index.php\/proyectos\/","url":"https:\/\/construccioneshuancas.com\/index.php\/proyectos\/","name":"Proyectos - Constructora Huancas","isPartOf":{"@id":"https:\/\/construccioneshuancas.com\/#website"},"datePublished":"2026-01-22T23:57:01+00:00","dateModified":"2026-02-05T20:58:51+00:00","breadcrumb":{"@id":"https:\/\/construccioneshuancas.com\/index.php\/proyectos\/#breadcrumb"},"inLanguage":"es","potentialAction":[{"@type":"ReadAction","target":["https:\/\/construccioneshuancas.com\/index.php\/proyectos\/"]}]},{"@type":"BreadcrumbList","@id":"https:\/\/construccioneshuancas.com\/index.php\/proyectos\/#breadcrumb","itemListElement":[{"@type":"ListItem","position":1,"name":"Portada","item":"https:\/\/construccioneshuancas.com\/"},{"@type":"ListItem","position":2,"name":"Proyectos"}]},{"@type":"WebSite","@id":"https:\/\/construccioneshuancas.com\/#website","url":"https:\/\/construccioneshuancas.com\/","name":"Constructora Huancas","description":"Somos una empresa constructora ubicada en la ciudad de Chiclayo, Per\u00fa.","potentialAction":[{"@type":"SearchAction","target":{"@type":"EntryPoint","urlTemplate":"https:\/\/construccioneshuancas.com\/?s={search_term_string}"},"query-input":{"@type":"PropertyValueSpecification","valueRequired":true,"valueName":"search_term_string"}}],"inLanguage":"es"}]}},"_links":{"self":[{"href":"https:\/\/construccioneshuancas.com\/index.php\/wp-json\/wp\/v2\/pages\/380","targetHints":{"allow":["GET"]}}],"collection":[{"href":"https:\/\/construccioneshuancas.com\/index.php\/wp-json\/wp\/v2\/pages"}],"about":[{"href":"https:\/\/construccioneshuancas.com\/index.php\/wp-json\/wp\/v2\/types\/page"}],"author":[{"embeddable":true,"href":"https:\/\/construccioneshuancas.com\/index.php\/wp-json\/wp\/v2\/users\/1"}],"replies":[{"embeddable":true,"href":"https:\/\/construccioneshuancas.com\/index.php\/wp-json\/wp\/v2\/comments?post=380"}],"version-history":[{"count":4,"href":"https:\/\/construccioneshuancas.com\/index.php\/wp-json\/wp\/v2\/pages\/380\/revisions"}],"predecessor-version":[{"id":423,"href":"https:\/\/construccioneshuancas.com\/index.php\/wp-json\/wp\/v2\/pages\/380\/revisions\/423"}],"wp:attachment":[{"href":"https:\/\/construccioneshuancas.com\/index.php\/wp-json\/wp\/v2\/media?parent=380"}],"curies":[{"name":"wp","href":"https:\/\/api.w.org\/{rel}","templated":true}]}}