{"id":367,"date":"2026-01-22T23:33:31","date_gmt":"2026-01-22T23:33:31","guid":{"rendered":"https:\/\/construccioneshuancas.com\/?page_id=367"},"modified":"2026-02-05T21:30:29","modified_gmt":"2026-02-05T21:30:29","slug":"servicios","status":"publish","type":"page","link":"https:\/\/construccioneshuancas.com\/index.php\/servicios\/","title":{"rendered":"SERVICIOS"},"content":{"rendered":"<p>[et_pb_section fb_built=\u00bb1&#8243; _builder_version=\u00bb4.27.5&#8243; _module_preset=\u00bbdefault\u00bb background_color=\u00bb#275a99&#8243; custom_padding=\u00bb0px|||||\u00bb global_colors_info=\u00bb{}\u00bb][et_pb_row _builder_version=\u00bb4.27.4&#8243; _module_preset=\u00bbdefault\u00bb custom_padding=\u00bb0px||||false|false\u00bb global_colors_info=\u00bb{}\u00bb][et_pb_column type=\u00bb4_4&#8243; _builder_version=\u00bb4.27.4&#8243; _module_preset=\u00bbdefault\u00bb custom_padding=\u00bb10%||||false|false\u00bb global_colors_info=\u00bb{}\u00bb][et_pb_text _builder_version=\u00bb4.27.5&#8243; _module_preset=\u00bbc8b0b82a-0071-4096-bca4-d68450b57dc9&#8243; text_font=\u00bb&#8211;et_global_heading_font||||||||\u00bb text_font_size=\u00bb28px\u00bb header_2_font=\u00bbInter|700|||||||\u00bb header_2_text_color=\u00bb#FFFFFF\u00bb header_2_font_size=\u00bb75px\u00bb header_2_line_height=\u00bb1.2em\u00bb min_height=\u00bb85px\u00bb custom_margin=\u00bb-28px|||||\u00bb custom_padding=\u00bb4px||0px|||\u00bb header_2_font_size_tablet=\u00bb40px\u00bb header_2_font_size_phone=\u00bb24px\u00bb header_2_font_size_last_edited=\u00bbon|desktop\u00bb locked=\u00bboff\u00bb global_colors_info=\u00bb{}\u00bb]<\/p>\n<h1 style=\"text-align: center;\"><span style=\"color: #ffffff;\"><strong>SERVICIOS<\/strong><\/span><\/h1>\n<p>[\/et_pb_text][\/et_pb_column][\/et_pb_row][et_pb_row column_structure=\u00bb1_2,1_2&#8243; custom_padding_last_edited=\u00bbon|tablet\u00bb _builder_version=\u00bb4.27.4&#8243; _module_preset=\u00bbdefault\u00bb custom_margin=\u00bb||20px||false|false\u00bb custom_padding=\u00bb33px|16px|18px|37px|false|false\u00bb custom_padding_tablet=\u00bb||0px||false|false\u00bb custom_padding_phone=\u00bb||0px||false|false\u00bb border_radii=\u00bbon|24px|24px|24px|24px\u00bb border_width_all=\u00bb1px\u00bb border_color_all=\u00bb#FFFFFF\u00bb global_colors_info=\u00bb{}\u00bb][et_pb_column type=\u00bb1_2&#8243; _builder_version=\u00bb4.17.4&#8243; _module_preset=\u00bbdefault\u00bb global_colors_info=\u00bb{}\u00bb][et_pb_text _builder_version=\u00bb4.27.4&#8243; _module_preset=\u00bb4827deed-2a92-4d97-a22f-f01067ae6873&#8243; header_font=\u00bb||||||||\u00bb header_4_font=\u00bbInter|700|||||||\u00bb header_4_text_color=\u00bb#FFFFFF\u00bb header_4_font_size=\u00bb19px\u00bb header_4_line_height=\u00bb1.6em\u00bb custom_margin=\u00bb||0px||false|false\u00bb header_4_font_size_tablet=\u00bb16px\u00bb header_4_font_size_phone=\u00bb14px\u00bb header_4_font_size_last_edited=\u00bbon|tablet\u00bb global_colors_info=\u00bb{}\u00bb]<\/p>\n<h3><strong><span style=\"color: #ffffff;\">Especialistas en la Construcci\u00f3n de:<\/span><\/strong><\/h3>\n<p>[\/et_pb_text][et_pb_text _builder_version=\u00bb4.27.4&#8243; _module_preset=\u00bb4c43b4b6-66bf-432d-959a-705bda24a650&#8243; text_font=\u00bbOpen Sans||||||||\u00bb text_text_color=\u00bb#FFFFFF\u00bb text_font_size=\u00bb15px\u00bb text_line_height=\u00bb1.8em\u00bb header_font_size_tablet=\u00bb55px\u00bb header_font_size_last_edited=\u00bboff|desktop\u00bb global_colors_info=\u00bb{}\u00bb]<\/p>\n<ul>\n<li>Puentes<\/li>\n<li>Carreteras<\/li>\n<li>Reservorios<\/li>\n<li>Represas<\/li>\n<li>Colegios<\/li>\n<li>Hospitales<\/li>\n<li>Canales de irrigaci\u00f3n.<\/li>\n<li>Tanques elevados.<\/li>\n<li>Veredas, sardineles.<\/li>\n<li>Saneamiento.<\/li>\n<li>Alba\u00f1iler\u00eda en general.<\/li>\n<\/ul>\n<p>[\/et_pb_text][\/et_pb_column][et_pb_column type=\u00bb1_2&#8243; _builder_version=\u00bb4.17.4&#8243; _module_preset=\u00bbdefault\u00bb global_colors_info=\u00bb{}\u00bb][et_pb_image src=\u00bbhttps:\/\/construccioneshuancas.com\/wp-content\/uploads\/2025\/12\/SERVICIO-CONSTRUCCION.jpg\u00bb title_text=\u00bbSERVICIO-CONSTRUCCION\u00bb align=\u00bbcenter\u00bb _builder_version=\u00bb4.27.4&#8243; _module_preset=\u00bbdefault\u00bb custom_margin=\u00bb||8px||false|false\u00bb global_colors_info=\u00bb{}\u00bb][\/et_pb_image][\/et_pb_column][\/et_pb_row][et_pb_row column_structure=\u00bb1_2,1_2&#8243; custom_padding_last_edited=\u00bbon|tablet\u00bb _builder_version=\u00bb4.27.4&#8243; _module_preset=\u00bbdefault\u00bb custom_margin=\u00bb||20px||false|false\u00bb custom_padding=\u00bb33px|16px|33px|37px|false|false\u00bb custom_padding_tablet=\u00bb||0px||false|false\u00bb custom_padding_phone=\u00bb||0px||false|false\u00bb border_radii=\u00bbon|24px|24px|24px|24px\u00bb border_width_all=\u00bb1px\u00bb border_color_all=\u00bb#FFFFFF\u00bb global_colors_info=\u00bb{}\u00bb][et_pb_column type=\u00bb1_2&#8243; _builder_version=\u00bb4.17.4&#8243; _module_preset=\u00bbdefault\u00bb global_colors_info=\u00bb{}\u00bb][et_pb_image src=\u00bbhttps:\/\/construccioneshuancas.com\/wp-content\/uploads\/2025\/12\/CONSTRUCTORAENCHICLAYO.jpg\u00bb title_text=\u00bbCONSTRUCTORAENCHICLAYO\u00bb align=\u00bbcenter\u00bb _builder_version=\u00bb4.27.4&#8243; _module_preset=\u00bbdefault\u00bb custom_margin=\u00bb||8px||false|false\u00bb global_colors_info=\u00bb{}\u00bb][\/et_pb_image][\/et_pb_column][et_pb_column type=\u00bb1_2&#8243; _builder_version=\u00bb4.17.4&#8243; _module_preset=\u00bbdefault\u00bb global_colors_info=\u00bb{}\u00bb][et_pb_text _builder_version=\u00bb4.27.4&#8243; _module_preset=\u00bb4827deed-2a92-4d97-a22f-f01067ae6873&#8243; header_font=\u00bb||||||||\u00bb header_4_font=\u00bbInter|700|||||||\u00bb header_4_text_color=\u00bb#FFFFFF\u00bb header_4_font_size=\u00bb19px\u00bb header_4_line_height=\u00bb1.6em\u00bb custom_margin=\u00bb||0px||false|false\u00bb header_4_font_size_tablet=\u00bb16px\u00bb header_4_font_size_phone=\u00bb14px\u00bb header_4_font_size_last_edited=\u00bbon|tablet\u00bb global_colors_info=\u00bb{}\u00bb]<\/p>\n<h3><strong><span style=\"color: #ffffff;\">Dise\u00f1o &#8211; Ingenier\u00eda de detalle ejecuci\u00f3n e implementaci\u00f3n<\/span><\/strong><\/h3>\n<p>[\/et_pb_text][et_pb_text _builder_version=\u00bb4.27.4&#8243; _module_preset=\u00bb4c43b4b6-66bf-432d-959a-705bda24a650&#8243; text_font=\u00bbOpen Sans||||||||\u00bb text_text_color=\u00bb#FFFFFF\u00bb text_font_size=\u00bb15px\u00bb text_line_height=\u00bb1.8em\u00bb header_font_size_tablet=\u00bb55px\u00bb header_font_size_last_edited=\u00bboff|desktop\u00bb global_colors_info=\u00bb{}\u00bb]<\/p>\n<ul>\n<li>Oficinas administrativas.<\/li>\n<li>Ingenier\u00eda biom\u00e9dica.<\/li>\n<li>Bancos, financieras.<\/li>\n<li>Retail<\/li>\n<li>Locatorios de centros comerciales.<\/li>\n<li>Casas de campo y playa.<\/li>\n<li>M\u00f3dulos de campamento.<\/li>\n<\/ul>\n<p>[\/et_pb_text][\/et_pb_column][\/et_pb_row][et_pb_row column_structure=\u00bb1_2,1_2&#8243; custom_padding_last_edited=\u00bbon|tablet\u00bb _builder_version=\u00bb4.27.4&#8243; _module_preset=\u00bbdefault\u00bb custom_margin=\u00bb||20px||false|false\u00bb custom_padding=\u00bb33px|16px|33px|37px|false|false\u00bb custom_padding_tablet=\u00bb||0px||false|false\u00bb custom_padding_phone=\u00bb||0px||false|false\u00bb border_radii=\u00bbon|24px|24px|24px|24px\u00bb border_width_all=\u00bb1px\u00bb border_color_all=\u00bb#FFFFFF\u00bb global_colors_info=\u00bb{}\u00bb][et_pb_column type=\u00bb1_2&#8243; _builder_version=\u00bb4.17.4&#8243; _module_preset=\u00bbdefault\u00bb global_colors_info=\u00bb{}\u00bb][et_pb_text _builder_version=\u00bb4.27.4&#8243; _module_preset=\u00bb4827deed-2a92-4d97-a22f-f01067ae6873&#8243; header_font=\u00bb||||||||\u00bb header_4_font=\u00bbInter|700|||||||\u00bb header_4_text_color=\u00bb#FFFFFF\u00bb header_4_font_size=\u00bb19px\u00bb header_4_line_height=\u00bb1.6em\u00bb custom_margin=\u00bb||0px||false|false\u00bb header_4_font_size_tablet=\u00bb16px\u00bb header_4_font_size_phone=\u00bb14px\u00bb header_4_font_size_last_edited=\u00bbon|tablet\u00bb global_colors_info=\u00bb{}\u00bb]<\/p>\n<h3><strong><span style=\"color: #ffffff;\">Estudio, Dise\u00f1o y planificaci\u00f3n de proyectos.<\/span><\/strong><\/h3>\n<p>[\/et_pb_text][et_pb_text _builder_version=\u00bb4.27.4&#8243; _module_preset=\u00bb4c43b4b6-66bf-432d-959a-705bda24a650&#8243; text_font=\u00bbOpen Sans||||||||\u00bb text_text_color=\u00bb#FFFFFF\u00bb text_font_size=\u00bb15px\u00bb text_line_height=\u00bb1.8em\u00bb header_font_size_tablet=\u00bb55px\u00bb header_font_size_last_edited=\u00bboff|desktop\u00bb global_colors_info=\u00bb{}\u00bb]<\/p>\n<ul>\n<li>Implementaci\u00f3n y remodelaci\u00f3n de oficinas.<\/li>\n<li>Elaboraci\u00f3n de perfiles t\u00e9cnicos.<\/li>\n<li>Supervisi\u00f3n de obras.<\/li>\n<li>Estudio, dise\u00f1o y planificaci\u00f3n de proyectos.<\/li>\n<li>Construcci\u00f3n de reservorios.<\/li>\n<li>Saneamiento y construcci\u00f3n de tanques elevados.<\/li>\n<\/ul>\n<p>[\/et_pb_text][\/et_pb_column][et_pb_column type=\u00bb1_2&#8243; _builder_version=\u00bb4.17.4&#8243; _module_preset=\u00bbdefault\u00bb global_colors_info=\u00bb{}\u00bb][et_pb_image src=\u00bbhttps:\/\/construccioneshuancas.com\/wp-content\/uploads\/2025\/12\/CONSTRUCCCIONDETECHOS.jpg\u00bb title_text=\u00bbCONSTRUCCCIONDETECHOS\u00bb align=\u00bbcenter\u00bb _builder_version=\u00bb4.27.4&#8243; _module_preset=\u00bbdefault\u00bb custom_margin=\u00bb||8px||false|false\u00bb global_colors_info=\u00bb{}\u00bb][\/et_pb_image][\/et_pb_column][\/et_pb_row][et_pb_row _builder_version=\u00bb4.27.4&#8243; _module_preset=\u00bbdefault\u00bb global_colors_info=\u00bb{}\u00bb][et_pb_column type=\u00bb4_4&#8243; _builder_version=\u00bb4.27.4&#8243; _module_preset=\u00bbdefault\u00bb global_colors_info=\u00bb{}\u00bb][et_pb_button button_url=\u00bbhttp:\/\/wa.me\/980906152&#8243; button_text=\u00bbM\u00e1s informaci\u00f3n\u00bb button_alignment=\u00bbcenter\u00bb _builder_version=\u00bb4.27.4&#8243; _module_preset=\u00bbdefault\u00bb custom_button=\u00bbon\u00bb button_text_color=\u00bb#FFFFFF\u00bb button_bg_color=\u00bb#cb8c25&#8243; button_border_width=\u00bb0px\u00bb button_border_radius=\u00bb51px\u00bb background_layout=\u00bbdark\u00bb global_colors_info=\u00bb{}\u00bb][\/et_pb_button][\/et_pb_column][\/et_pb_row][\/et_pb_section][et_pb_section fb_built=\u00bb1&#8243; _builder_version=\u00bb4.27.5&#8243; _module_preset=\u00bbdefault\u00bb custom_padding=\u00bb23px||31px|||\u00bb global_colors_info=\u00bb{}\u00bb theme_builder_area=\u00bbpost_content\u00bb][et_pb_row column_structure=\u00bb1_3,1_3,1_3&#8243; _builder_version=\u00bb4.27.5&#8243; _module_preset=\u00bbdefault\u00bb custom_padding=\u00bb26px||6px|||\u00bb global_colors_info=\u00bb{}\u00bb theme_builder_area=\u00bbpost_content\u00bb][et_pb_column type=\u00bb1_3&#8243; _builder_version=\u00bb4.27.5&#8243; _module_preset=\u00bbdefault\u00bb global_colors_info=\u00bb{}\u00bb theme_builder_area=\u00bbpost_content\u00bb][\/et_pb_column][et_pb_column type=\u00bb1_3&#8243; _builder_version=\u00bb4.27.5&#8243; _module_preset=\u00bbdefault\u00bb global_colors_info=\u00bb{}\u00bb theme_builder_area=\u00bbpost_content\u00bb][et_pb_heading title=\u00bbS\u00edguenos en nuestras redes sociales:\u00bb _builder_version=\u00bb4.27.5&#8243; _module_preset=\u00bbdefault\u00bb title_text_align=\u00bbcenter\u00bb title_font_size=\u00bb20px\u00bb custom_padding=\u00bb||0px|||\u00bb global_colors_info=\u00bb{}\u00bb theme_builder_area=\u00bbpost_content\u00bb][\/et_pb_heading][\/et_pb_column][et_pb_column type=\u00bb1_3&#8243; _builder_version=\u00bb4.27.5&#8243; _module_preset=\u00bbdefault\u00bb global_colors_info=\u00bb{}\u00bb theme_builder_area=\u00bbpost_content\u00bb][\/et_pb_column][\/et_pb_row][et_pb_row column_structure=\u00bb1_3,1_3,1_3&#8243; _builder_version=\u00bb4.27.5&#8243; _module_preset=\u00bbdefault\u00bb custom_margin=\u00bb-5px|auto||auto||\u00bb custom_padding=\u00bb3px||16px|||\u00bb global_colors_info=\u00bb{}\u00bb theme_builder_area=\u00bbpost_content\u00bb][et_pb_column type=\u00bb1_3&#8243; _builder_version=\u00bb4.27.5&#8243; _module_preset=\u00bbdefault\u00bb global_colors_info=\u00bb{}\u00bb theme_builder_area=\u00bbpost_content\u00bb][\/et_pb_column][et_pb_column type=\u00bb1_3&#8243; _builder_version=\u00bb4.27.5&#8243; _module_preset=\u00bbdefault\u00bb global_colors_info=\u00bb{}\u00bb theme_builder_area=\u00bbpost_content\u00bb][et_pb_social_media_follow use_icon_font_size=\u00bbon\u00bb icon_font_size=\u00bb24px\u00bb _builder_version=\u00bb4.27.5&#8243; _module_preset=\u00bbdefault\u00bb text_orientation=\u00bbcenter\u00bb global_colors_info=\u00bb{}\u00bb theme_builder_area=\u00bbpost_content\u00bb][et_pb_social_media_follow_network social_network=\u00bbfacebook\u00bb url=\u00bbhttps:\/\/www.facebook.com\/ConstruccionesHuancas\/\u00bb _builder_version=\u00bb4.27.5&#8243; _module_preset=\u00bbdefault\u00bb background_color=\u00bb#3b5998&#8243; global_colors_info=\u00bb{}\u00bb theme_builder_area=\u00bbpost_content\u00bb follow_button=\u00bboff\u00bb url_new_window=\u00bbon\u00bb]facebook[\/et_pb_social_media_follow_network][et_pb_social_media_follow_network social_network=\u00bbtiktok\u00bb url=\u00bbhttps:\/\/www.tiktok.com\/@construcciones_huancas\u00bb _builder_version=\u00bb4.27.5&#8243; _module_preset=\u00bbdefault\u00bb background_color=\u00bb#fe2c55&#8243; global_colors_info=\u00bb{}\u00bb theme_builder_area=\u00bbpost_content\u00bb follow_button=\u00bboff\u00bb url_new_window=\u00bbon\u00bb]tiktok[\/et_pb_social_media_follow_network][et_pb_social_media_follow_network social_network=\u00bbinstagram\u00bb url=\u00bbhttps:\/\/www.instagram.com\/constructorahuancas\/?fbclid=IwY2xjawPXfi1leHRuA2FlbQIxMQBicmlkETFyQzhGODdwa3ZxQWdsTUtUc3J0YwZhcHBfaWQBMAABHgmhgMxggrRWWbn1jM-YDf9fZtCNUbUAJVl059Ix4r2RlAVAlSTiB9-_lgjr_aem_8O4jfUsbIPdwzKf7bv049g\u00bb _builder_version=\u00bb4.27.5&#8243; _module_preset=\u00bbdefault\u00bb background_color=\u00bb#ea2c59&#8243; global_colors_info=\u00bb{}\u00bb theme_builder_area=\u00bbpost_content\u00bb follow_button=\u00bboff\u00bb url_new_window=\u00bbon\u00bb]instagram[\/et_pb_social_media_follow_network][\/et_pb_social_media_follow][\/et_pb_column][et_pb_column type=\u00bb1_3&#8243; _builder_version=\u00bb4.27.5&#8243; _module_preset=\u00bbdefault\u00bb global_colors_info=\u00bb{}\u00bb theme_builder_area=\u00bbpost_content\u00bb][\/et_pb_column][\/et_pb_row][\/et_pb_section]<\/p>\n","protected":false},"excerpt":{"rendered":"<p>SERVICIOSEspecialistas en la Construcci\u00f3n de: Puentes Carreteras Reservorios Represas Colegios Hospitales Canales de irrigaci\u00f3n. Tanques elevados. Veredas, sardineles. Saneamiento. Alba\u00f1iler\u00eda en general. Dise\u00f1o &#8211; Ingenier\u00eda de detalle ejecuci\u00f3n e implementaci\u00f3n Oficinas administrativas. Ingenier\u00eda biom\u00e9dica. Bancos, financieras. Retail Locatorios de centros comerciales. Casas de campo y playa. M\u00f3dulos de campamento. Estudio, Dise\u00f1o y planificaci\u00f3n de proyectos. [&hellip;]<\/p>\n","protected":false},"author":1,"featured_media":0,"parent":0,"menu_order":0,"comment_status":"closed","ping_status":"closed","template":"","meta":{"_et_pb_use_builder":"on","_et_pb_old_content":"","_et_gb_content_width":"","footnotes":""},"class_list":["post-367","page","type-page","status-publish","hentry"],"yoast_head":"<!-- This site is optimized with the Yoast SEO plugin v26.5 - https:\/\/yoast.com\/wordpress\/plugins\/seo\/ -->\n<title>SERVICIOS - Constructora Huancas<\/title>\n<meta name=\"robots\" content=\"index, follow, max-snippet:-1, max-image-preview:large, max-video-preview:-1\" \/>\n<link rel=\"canonical\" href=\"https:\/\/construccioneshuancas.com\/index.php\/servicios\/\" \/>\n<meta property=\"og:locale\" content=\"es_ES\" \/>\n<meta property=\"og:type\" content=\"article\" \/>\n<meta property=\"og:title\" content=\"SERVICIOS - Constructora Huancas\" \/>\n<meta property=\"og:description\" content=\"SERVICIOSEspecialistas en la Construcci\u00f3n de: Puentes Carreteras Reservorios Represas Colegios Hospitales Canales de irrigaci\u00f3n. Tanques elevados. Veredas, sardineles. Saneamiento. Alba\u00f1iler\u00eda en general. Dise\u00f1o - Ingenier\u00eda de detalle ejecuci\u00f3n e implementaci\u00f3n Oficinas administrativas. Ingenier\u00eda biom\u00e9dica. Bancos, financieras. Retail Locatorios de centros comerciales. Casas de campo y playa. M\u00f3dulos de campamento. Estudio, Dise\u00f1o y planificaci\u00f3n de proyectos. [&hellip;]\" \/>\n<meta property=\"og:url\" content=\"https:\/\/construccioneshuancas.com\/index.php\/servicios\/\" \/>\n<meta property=\"og:site_name\" content=\"Constructora Huancas\" \/>\n<meta property=\"article:modified_time\" content=\"2026-02-05T21:30:29+00:00\" \/>\n<meta name=\"twitter:card\" content=\"summary_large_image\" \/>\n<script type=\"application\/ld+json\" class=\"yoast-schema-graph\">{\"@context\":\"https:\/\/schema.org\",\"@graph\":[{\"@type\":\"WebPage\",\"@id\":\"https:\/\/construccioneshuancas.com\/index.php\/servicios\/\",\"url\":\"https:\/\/construccioneshuancas.com\/index.php\/servicios\/\",\"name\":\"SERVICIOS - Constructora Huancas\",\"isPartOf\":{\"@id\":\"https:\/\/construccioneshuancas.com\/#website\"},\"datePublished\":\"2026-01-22T23:33:31+00:00\",\"dateModified\":\"2026-02-05T21:30:29+00:00\",\"breadcrumb\":{\"@id\":\"https:\/\/construccioneshuancas.com\/index.php\/servicios\/#breadcrumb\"},\"inLanguage\":\"es\",\"potentialAction\":[{\"@type\":\"ReadAction\",\"target\":[\"https:\/\/construccioneshuancas.com\/index.php\/servicios\/\"]}]},{\"@type\":\"BreadcrumbList\",\"@id\":\"https:\/\/construccioneshuancas.com\/index.php\/servicios\/#breadcrumb\",\"itemListElement\":[{\"@type\":\"ListItem\",\"position\":1,\"name\":\"Portada\",\"item\":\"https:\/\/construccioneshuancas.com\/\"},{\"@type\":\"ListItem\",\"position\":2,\"name\":\"SERVICIOS\"}]},{\"@type\":\"WebSite\",\"@id\":\"https:\/\/construccioneshuancas.com\/#website\",\"url\":\"https:\/\/construccioneshuancas.com\/\",\"name\":\"Constructora Huancas\",\"description\":\"Somos una empresa constructora ubicada en la ciudad de Chiclayo, Per\u00fa.\",\"potentialAction\":[{\"@type\":\"SearchAction\",\"target\":{\"@type\":\"EntryPoint\",\"urlTemplate\":\"https:\/\/construccioneshuancas.com\/?s={search_term_string}\"},\"query-input\":{\"@type\":\"PropertyValueSpecification\",\"valueRequired\":true,\"valueName\":\"search_term_string\"}}],\"inLanguage\":\"es\"}]}<\/script>\n<!-- \/ Yoast SEO plugin. -->","yoast_head_json":{"title":"SERVICIOS - Constructora Huancas","robots":{"index":"index","follow":"follow","max-snippet":"max-snippet:-1","max-image-preview":"max-image-preview:large","max-video-preview":"max-video-preview:-1"},"canonical":"https:\/\/construccioneshuancas.com\/index.php\/servicios\/","og_locale":"es_ES","og_type":"article","og_title":"SERVICIOS - Constructora Huancas","og_description":"SERVICIOSEspecialistas en la Construcci\u00f3n de: Puentes Carreteras Reservorios Represas Colegios Hospitales Canales de irrigaci\u00f3n. Tanques elevados. Veredas, sardineles. Saneamiento. Alba\u00f1iler\u00eda en general. Dise\u00f1o - Ingenier\u00eda de detalle ejecuci\u00f3n e implementaci\u00f3n Oficinas administrativas. Ingenier\u00eda biom\u00e9dica. Bancos, financieras. Retail Locatorios de centros comerciales. Casas de campo y playa. M\u00f3dulos de campamento. Estudio, Dise\u00f1o y planificaci\u00f3n de proyectos. [&hellip;]","og_url":"https:\/\/construccioneshuancas.com\/index.php\/servicios\/","og_site_name":"Constructora Huancas","article_modified_time":"2026-02-05T21:30:29+00:00","twitter_card":"summary_large_image","schema":{"@context":"https:\/\/schema.org","@graph":[{"@type":"WebPage","@id":"https:\/\/construccioneshuancas.com\/index.php\/servicios\/","url":"https:\/\/construccioneshuancas.com\/index.php\/servicios\/","name":"SERVICIOS - Constructora Huancas","isPartOf":{"@id":"https:\/\/construccioneshuancas.com\/#website"},"datePublished":"2026-01-22T23:33:31+00:00","dateModified":"2026-02-05T21:30:29+00:00","breadcrumb":{"@id":"https:\/\/construccioneshuancas.com\/index.php\/servicios\/#breadcrumb"},"inLanguage":"es","potentialAction":[{"@type":"ReadAction","target":["https:\/\/construccioneshuancas.com\/index.php\/servicios\/"]}]},{"@type":"BreadcrumbList","@id":"https:\/\/construccioneshuancas.com\/index.php\/servicios\/#breadcrumb","itemListElement":[{"@type":"ListItem","position":1,"name":"Portada","item":"https:\/\/construccioneshuancas.com\/"},{"@type":"ListItem","position":2,"name":"SERVICIOS"}]},{"@type":"WebSite","@id":"https:\/\/construccioneshuancas.com\/#website","url":"https:\/\/construccioneshuancas.com\/","name":"Constructora Huancas","description":"Somos una empresa constructora ubicada en la ciudad de Chiclayo, Per\u00fa.","potentialAction":[{"@type":"SearchAction","target":{"@type":"EntryPoint","urlTemplate":"https:\/\/construccioneshuancas.com\/?s={search_term_string}"},"query-input":{"@type":"PropertyValueSpecification","valueRequired":true,"valueName":"search_term_string"}}],"inLanguage":"es"}]}},"_links":{"self":[{"href":"https:\/\/construccioneshuancas.com\/index.php\/wp-json\/wp\/v2\/pages\/367","targetHints":{"allow":["GET"]}}],"collection":[{"href":"https:\/\/construccioneshuancas.com\/index.php\/wp-json\/wp\/v2\/pages"}],"about":[{"href":"https:\/\/construccioneshuancas.com\/index.php\/wp-json\/wp\/v2\/types\/page"}],"author":[{"embeddable":true,"href":"https:\/\/construccioneshuancas.com\/index.php\/wp-json\/wp\/v2\/users\/1"}],"replies":[{"embeddable":true,"href":"https:\/\/construccioneshuancas.com\/index.php\/wp-json\/wp\/v2\/comments?post=367"}],"version-history":[{"count":4,"href":"https:\/\/construccioneshuancas.com\/index.php\/wp-json\/wp\/v2\/pages\/367\/revisions"}],"predecessor-version":[{"id":424,"href":"https:\/\/construccioneshuancas.com\/index.php\/wp-json\/wp\/v2\/pages\/367\/revisions\/424"}],"wp:attachment":[{"href":"https:\/\/construccioneshuancas.com\/index.php\/wp-json\/wp\/v2\/media?parent=367"}],"curies":[{"name":"wp","href":"https:\/\/api.w.org\/{rel}","templated":true}]}}