{"id":272,"date":"2025-12-08T22:01:03","date_gmt":"2025-12-08T22:01:03","guid":{"rendered":"https:\/\/construccioneshuancas.com\/?page_id=272"},"modified":"2026-02-05T20:56:30","modified_gmt":"2026-02-05T20:56:30","slug":"nosotros","status":"publish","type":"page","link":"https:\/\/construccioneshuancas.com\/index.php\/nosotros\/","title":{"rendered":"NOSOTROS"},"content":{"rendered":"<p>[et_pb_section fb_built=\u00bb1&#8243; fullwidth=\u00bbon\u00bb _builder_version=\u00bb4.27.5&#8243; _module_preset=\u00bbdefault\u00bb global_colors_info=\u00bb{}\u00bb][et_pb_fullwidth_image src=\u00bbhttps:\/\/construccioneshuancas.com\/wp-content\/uploads\/2025\/12\/CONSTRUCCIONES-HUANCAS-PERU.jpg\u00bb title_text=\u00bbCONSTRUCCIONES-HUANCAS-PER\u00da\u00bb _builder_version=\u00bb4.27.5&#8243; _module_preset=\u00bbdefault\u00bb max_height=\u00bb208px\u00bb global_colors_info=\u00bb{}\u00bb][\/et_pb_fullwidth_image][\/et_pb_section][et_pb_section fb_built=\u00bb1&#8243; fullwidth=\u00bbon\u00bb _builder_version=\u00bb4.27.5&#8243; _module_preset=\u00bbdefault\u00bb global_colors_info=\u00bb{}\u00bb][et_pb_fullwidth_header title=\u00bb\u00bfQUI\u00c9NES SOMOS?\u00bb text_orientation=\u00bbcenter\u00bb _builder_version=\u00bb4.27.5&#8243; _module_preset=\u00bbdefault\u00bb title_font=\u00bb|700|||||||\u00bb title_text_color=\u00bb#1e324a\u00bb background_color=\u00bb#FFFFFF\u00bb custom_padding=\u00bb17px||4px|||\u00bb global_colors_info=\u00bb{}\u00bb][\/et_pb_fullwidth_header][\/et_pb_section][et_pb_section fb_built=\u00bb1&#8243; _builder_version=\u00bb4.27.5&#8243; _module_preset=\u00bbdefault\u00bb custom_padding=\u00bb4px||25px|||\u00bb global_colors_info=\u00bb{}\u00bb][et_pb_row column_structure=\u00bb1_2,1_2&#8243; _builder_version=\u00bb4.27.5&#8243; _module_preset=\u00bbdefault\u00bb custom_padding=\u00bb11px|||||\u00bb global_colors_info=\u00bb{}\u00bb][et_pb_column type=\u00bb1_2&#8243; _builder_version=\u00bb4.27.5&#8243; _module_preset=\u00bbdefault\u00bb global_colors_info=\u00bb{}\u00bb][et_pb_blurb title=\u00bbCONSTRUCCIONES HUANCAS E.I.R.L.\u00bb _builder_version=\u00bb4.27.5&#8243; _module_preset=\u00bbdefault\u00bb header_font=\u00bb|600|||||||\u00bb body_font_size=\u00bb15px\u00bb custom_padding=\u00bb||0px|||\u00bb global_colors_info=\u00bb{}\u00bb]<\/p>\n<p style=\"text-align: justify;\">Ofrece sus servicios a todas las empresas del pa\u00eds, poniendo a disposici\u00f3n de sus clientes, un equipo de profesionales y t\u00e9cnicos altamente especializados y de gran experiencia.<br \/>Venimos sirviendo a nuestros clientes desde el a\u00f1o 2019, nos constituimos como una empresa constructora del pa\u00eds, hemos desarrollado proyectos en los sectores de la construcci\u00f3n: Infraestructura, Miner\u00eda, Saneamiento, etc.<\/p>\n<p>[\/et_pb_blurb][\/et_pb_column][et_pb_column type=\u00bb1_2&#8243; _builder_version=\u00bb4.27.5&#8243; _module_preset=\u00bbdefault\u00bb global_colors_info=\u00bb{}\u00bb][et_pb_image src=\u00bbhttps:\/\/construccioneshuancas.com\/wp-content\/uploads\/2025\/12\/huancas-construcciones.png\u00bb title_text=\u00bbhuancas-construcciones\u00bb _builder_version=\u00bb4.27.5&#8243; _module_preset=\u00bbdefault\u00bb global_colors_info=\u00bb{}\u00bb][\/et_pb_image][\/et_pb_column][\/et_pb_row][\/et_pb_section][et_pb_section fb_built=\u00bb1&#8243; _builder_version=\u00bb4.27.5&#8243; _module_preset=\u00bbdefault\u00bb background_color=\u00bb#1e324a\u00bb custom_padding=\u00bb52px||30px|||\u00bb global_colors_info=\u00bb{}\u00bb][et_pb_row column_structure=\u00bb1_2,1_2&#8243; _builder_version=\u00bb4.27.5&#8243; _module_preset=\u00bbdefault\u00bb global_colors_info=\u00bb{}\u00bb][et_pb_column type=\u00bb1_2&#8243; _builder_version=\u00bb4.27.5&#8243; _module_preset=\u00bbdefault\u00bb global_colors_info=\u00bb{}\u00bb][et_pb_image src=\u00bbhttps:\/\/construccioneshuancas.com\/wp-content\/uploads\/2025\/12\/CONSTRUCTORA-HUANCAS-PERU.jpg\u00bb title_text=\u00bbCONSTRUCTORA-HUANCAS-PERU\u00bb _builder_version=\u00bb4.27.5&#8243; _module_preset=\u00bbdefault\u00bb global_colors_info=\u00bb{}\u00bb][\/et_pb_image][\/et_pb_column][et_pb_column type=\u00bb1_2&#8243; _builder_version=\u00bb4.27.5&#8243; _module_preset=\u00bbdefault\u00bb global_colors_info=\u00bb{}\u00bb][et_pb_blurb _builder_version=\u00bb4.27.5&#8243; _module_preset=\u00bbdefault\u00bb body_text_color=\u00bb#FFFFFF\u00bb body_font_size=\u00bb15px\u00bb global_colors_info=\u00bb{}\u00bb]<\/p>\n<p style=\"text-align: justify;\">Contamos con una flota de equipo de \u00faltima generaci\u00f3n y mantenida con los m\u00e1s altos est\u00e1ndares de acuerdo a las especificaciones de los fabricantes<br \/>En suma, somos una empresa emprendedora en crecimiento apuntamos a ser l\u00edderes en la construcci\u00f3n y cumplimiento de todos los proyectos<br \/>\u201cAntes del Plazo\u201d con la calidad y seriedad que nuestros clientes requieren.<\/p>\n<p>[\/et_pb_blurb][\/et_pb_column][\/et_pb_row][\/et_pb_section][et_pb_section fb_built=\u00bb1&#8243; _builder_version=\u00bb4.27.5&#8243; _module_preset=\u00bbdefault\u00bb custom_padding=\u00bb||13px|||\u00bb global_colors_info=\u00bb{}\u00bb][et_pb_row column_structure=\u00bb1_2,1_2&#8243; _builder_version=\u00bb4.27.5&#8243; _module_preset=\u00bbdefault\u00bb global_colors_info=\u00bb{}\u00bb][et_pb_column type=\u00bb1_2&#8243; _builder_version=\u00bb4.27.5&#8243; _module_preset=\u00bbdefault\u00bb global_colors_info=\u00bb{}\u00bb][et_pb_blurb title=\u00bbMISI\u00d3N\u00bb _builder_version=\u00bb4.27.5&#8243; _module_preset=\u00bbdefault\u00bb header_font=\u00bb|700|||||||\u00bb header_font_size=\u00bb23px\u00bb body_font_size=\u00bb15px\u00bb global_colors_info=\u00bb{}\u00bb]<\/p>\n<p style=\"text-align: justify;\">Dirigimos nuestro esfuerzo hacia la b\u00fasqueda de nuestro desarrollo, y el de nuestros clientes, considerando los siguientes aspectos:<br \/>Mantener e incrementar los est\u00e1ndares de calidad y competitividad, para continuar brindando a nuestros clientes una perspectiva moderna.<br \/>Ser una organizaci\u00f3n orientada hacia el componente humano, promoviendo el Liderazgo y fomentando un ambiente de trabajo estable y propicio para la comunicaci\u00f3n en todas las direcciones.<br \/>En el desarrollo de nuestras actividades, promover la seguridad, salud ocupacional y el respeto por el Medio Ambiente y la Responsabilidad Social.<\/p>\n<p>[\/et_pb_blurb][\/et_pb_column][et_pb_column type=\u00bb1_2&#8243; _builder_version=\u00bb4.27.5&#8243; _module_preset=\u00bbdefault\u00bb global_colors_info=\u00bb{}\u00bb][et_pb_image src=\u00bbhttps:\/\/construccioneshuancas.com\/wp-content\/uploads\/2025\/12\/MISION-HUANCAS.jpg\u00bb title_text=\u00bbMISI\u00d3N-HUANCAS\u00bb _builder_version=\u00bb4.27.5&#8243; _module_preset=\u00bbdefault\u00bb global_colors_info=\u00bb{}\u00bb][\/et_pb_image][\/et_pb_column][\/et_pb_row][\/et_pb_section][et_pb_section fb_built=\u00bb1&#8243; _builder_version=\u00bb4.27.5&#8243; _module_preset=\u00bbdefault\u00bb custom_padding=\u00bb20px||32px|||\u00bb global_colors_info=\u00bb{}\u00bb][et_pb_row column_structure=\u00bb1_2,1_2&#8243; _builder_version=\u00bb4.27.5&#8243; _module_preset=\u00bbdefault\u00bb global_colors_info=\u00bb{}\u00bb][et_pb_column type=\u00bb1_2&#8243; _builder_version=\u00bb4.27.5&#8243; _module_preset=\u00bbdefault\u00bb global_colors_info=\u00bb{}\u00bb][et_pb_image src=\u00bbhttps:\/\/construccioneshuancas.com\/wp-content\/uploads\/2025\/12\/VISION-HUANCAS.jpg\u00bb title_text=\u00bbVISI\u00d3N-HUANCAS\u00bb _builder_version=\u00bb4.27.5&#8243; _module_preset=\u00bbdefault\u00bb global_colors_info=\u00bb{}\u00bb][\/et_pb_image][\/et_pb_column][et_pb_column type=\u00bb1_2&#8243; _builder_version=\u00bb4.27.5&#8243; _module_preset=\u00bbdefault\u00bb global_colors_info=\u00bb{}\u00bb][et_pb_blurb title=\u00bbVISI\u00d3N\u00bb _builder_version=\u00bb4.27.5&#8243; _module_preset=\u00bbdefault\u00bb header_font=\u00bb|700|||||||\u00bb header_font_size=\u00bb23px\u00bb body_font_size=\u00bb15px\u00bb global_colors_info=\u00bb{}\u00bb]<\/p>\n<p style=\"text-align: justify;\">Aplicar nuestro conocimiento y experiencia en el \u00e1mbito de la construcci\u00f3n ofreciendo un servicio integral, atendiendo proyectos orientados a una amplia variedad de sectores y actividades, buscando, como principal objetivo, la satisfacci\u00f3n total de nuestros clientes a trav\u00e9s de un desempe\u00f1o personalizado y eficiente.<\/p>\n<p>[\/et_pb_blurb][\/et_pb_column][\/et_pb_row][\/et_pb_section][et_pb_section fb_built=\u00bb1&#8243; fullwidth=\u00bbon\u00bb _builder_version=\u00bb4.27.5&#8243; _module_preset=\u00bbdefault\u00bb global_colors_info=\u00bb{}\u00bb][et_pb_fullwidth_header title=\u00bbSolicita nuestros servicios dando click aqu\u00ed\u00bb text_orientation=\u00bbcenter\u00bb button_one_text=\u00bbM\u00e1s informaci\u00f3n\u00bb button_one_url=\u00bbwa.me\/980906152&#8243; _builder_version=\u00bb4.27.5&#8243; _module_preset=\u00bbdefault\u00bb title_text_align=\u00bbcenter\u00bb custom_button_one=\u00bbon\u00bb button_one_text_color=\u00bb#ffffff\u00bb button_one_bg_color=\u00bb#cb8c25&#8243; button_one_border_width=\u00bb0px\u00bb button_one_border_radius=\u00bb21px\u00bb button_one_icon_color=\u00bb#FFFFFF\u00bb custom_padding=\u00bb7px||9px|||\u00bb global_colors_info=\u00bb{}\u00bb][\/et_pb_fullwidth_header][\/et_pb_section][et_pb_section fb_built=\u00bb1&#8243; fullwidth=\u00bbon\u00bb _builder_version=\u00bb4.27.5&#8243; _module_preset=\u00bbdefault\u00bb global_colors_info=\u00bb{}\u00bb][et_pb_fullwidth_header title=\u00bbPROYECTOS\u00bb text_orientation=\u00bbcenter\u00bb _builder_version=\u00bb4.27.5&#8243; _module_preset=\u00bbdefault\u00bb title_font=\u00bb|600|||||||\u00bb title_text_color=\u00bb#1e324a\u00bb background_color=\u00bb#FFFFFF\u00bb custom_padding=\u00bb17px||4px|||\u00bb global_colors_info=\u00bb{}\u00bb][\/et_pb_fullwidth_header][\/et_pb_section][et_pb_section fb_built=\u00bb1&#8243; _builder_version=\u00bb4.27.5&#8243; _module_preset=\u00bbdefault\u00bb custom_padding=\u00bb10px||9px|||\u00bb global_colors_info=\u00bb{}\u00bb][et_pb_row column_structure=\u00bb1_2,1_2&#8243; _builder_version=\u00bb4.27.5&#8243; _module_preset=\u00bbdefault\u00bb global_colors_info=\u00bb{}\u00bb][et_pb_column type=\u00bb1_2&#8243; _builder_version=\u00bb4.27.5&#8243; _module_preset=\u00bbdefault\u00bb global_colors_info=\u00bb{}\u00bb][et_pb_blurb _builder_version=\u00bb4.27.5&#8243; _module_preset=\u00bbdefault\u00bb body_font_size=\u00bb16px\u00bb global_colors_info=\u00bb{}\u00bb]<\/p>\n<p style=\"text-align: justify;\">Nuestra firma posee una organizaci\u00f3n empresarial eficiente que le permite cumplir a cabalidad las metas propuestas contando para ello con profesionales del m\u00e1s alto nivel, por su capacidad y experiencia.<\/p>\n<p>&nbsp;<\/p>\n<p><strong>GERENCIA GENERAL Y TITULAR<\/strong><br \/>Evelio Huancas Barrios<br \/><strong>RUC: 20609579685<\/strong><\/p>\n<p>[\/et_pb_blurb][\/et_pb_column][et_pb_column type=\u00bb1_2&#8243; _builder_version=\u00bb4.27.5&#8243; _module_preset=\u00bbdefault\u00bb global_colors_info=\u00bb{}\u00bb][et_pb_image src=\u00bbhttps:\/\/construccioneshuancas.com\/wp-content\/uploads\/2025\/12\/WEB-CONSTRUCTORA-HUANCAS3.jpg\u00bb title_text=\u00bbWEB-CONSTRUCTORA-HUANCAS3&#8243; _builder_version=\u00bb4.27.5&#8243; _module_preset=\u00bbdefault\u00bb global_colors_info=\u00bb{}\u00bb][\/et_pb_image][\/et_pb_column][\/et_pb_row][\/et_pb_section][et_pb_section fb_built=\u00bb1&#8243; _builder_version=\u00bb4.27.5&#8243; _module_preset=\u00bbdefault\u00bb custom_padding=\u00bb8px|||||\u00bb global_colors_info=\u00bb{}\u00bb][et_pb_row column_structure=\u00bb1_2,1_2&#8243; _builder_version=\u00bb4.27.5&#8243; _module_preset=\u00bbdefault\u00bb custom_padding=\u00bb11px|||||\u00bb global_colors_info=\u00bb{}\u00bb][et_pb_column type=\u00bb1_2&#8243; _builder_version=\u00bb4.27.5&#8243; _module_preset=\u00bbdefault\u00bb global_colors_info=\u00bb{}\u00bb][et_pb_blurb title=\u00bbESPECIALISTAS EN LA  CONSTRUCCI\u00d3N DE:\u00bb _builder_version=\u00bb4.27.5&#8243; _module_preset=\u00bbdefault\u00bb header_font=\u00bb|700|||||||\u00bb body_font_size=\u00bb15px\u00bb global_colors_info=\u00bb{}\u00bb]<\/p>\n<ul>\n<li>PUENTES<\/li>\n<li>CARRETERAS<\/li>\n<li>RESERVORIOS<\/li>\n<li>REPRESAS<\/li>\n<li>CANALES DE IRRIGACI\u00d3N<\/li>\n<li>COLEGIOS<\/li>\n<li>HOSPITALES<\/li>\n<li>TANQUES ELEVADOS<\/li>\n<li>VEREDAS, SARDINELES<\/li>\n<li>SANEAMIENTO<\/li>\n<li>ALBA\u00d1ILERIA EN GENERAL<\/li>\n<\/ul>\n<p>[\/et_pb_blurb][\/et_pb_column][et_pb_column type=\u00bb1_2&#8243; _builder_version=\u00bb4.27.5&#8243; _module_preset=\u00bbdefault\u00bb global_colors_info=\u00bb{}\u00bb][et_pb_blurb title=\u00bbELABORACI\u00d3N DE:\u00bb _builder_version=\u00bb4.27.5&#8243; _module_preset=\u00bbdefault\u00bb header_font=\u00bb|700|||||||\u00bb body_font_size=\u00bb15px\u00bb global_colors_info=\u00bb{}\u00bb]<\/p>\n<ul>\n<li>PERFILES T\u00c9CNICOS<\/li>\n<li>LEVANTAMIENTO TOPOGR\u00c1FICO<\/li>\n<li>SUPERVISI\u00d3N DE OBRAS CIVILES.<\/li>\n<li>CONSULTOR\u00cdAS<\/li>\n<\/ul>\n<p>[\/et_pb_blurb][et_pb_button button_url=\u00bbhttp:\/\/wa.me\/980906152&#8243; button_text=\u00bbCont\u00e1ctanos\u00bb _builder_version=\u00bb4.27.5&#8243; _module_preset=\u00bbdefault\u00bb custom_button=\u00bbon\u00bb button_text_color=\u00bb#FFFFFF\u00bb button_bg_color=\u00bb#cb8c25&#8243; button_border_width=\u00bb0px\u00bb button_border_radius=\u00bb39px\u00bb global_colors_info=\u00bb{}\u00bb][\/et_pb_button][\/et_pb_column][\/et_pb_row][\/et_pb_section][et_pb_section fb_built=\u00bb1&#8243; _builder_version=\u00bb4.27.5&#8243; _module_preset=\u00bbdefault\u00bb custom_padding=\u00bb23px||31px|||\u00bb global_colors_info=\u00bb{}\u00bb theme_builder_area=\u00bbpost_content\u00bb][et_pb_row column_structure=\u00bb1_3,1_3,1_3&#8243; _builder_version=\u00bb4.27.5&#8243; _module_preset=\u00bbdefault\u00bb custom_padding=\u00bb26px||6px|||\u00bb global_colors_info=\u00bb{}\u00bb theme_builder_area=\u00bbpost_content\u00bb][et_pb_column type=\u00bb1_3&#8243; _builder_version=\u00bb4.27.5&#8243; _module_preset=\u00bbdefault\u00bb global_colors_info=\u00bb{}\u00bb theme_builder_area=\u00bbpost_content\u00bb][\/et_pb_column][et_pb_column type=\u00bb1_3&#8243; _builder_version=\u00bb4.27.5&#8243; _module_preset=\u00bbdefault\u00bb global_colors_info=\u00bb{}\u00bb theme_builder_area=\u00bbpost_content\u00bb][et_pb_heading title=\u00bbS\u00edguenos en nuestras redes sociales:\u00bb _builder_version=\u00bb4.27.5&#8243; _module_preset=\u00bbdefault\u00bb title_text_align=\u00bbcenter\u00bb title_font_size=\u00bb20px\u00bb custom_padding=\u00bb||0px|||\u00bb global_colors_info=\u00bb{}\u00bb theme_builder_area=\u00bbpost_content\u00bb][\/et_pb_heading][\/et_pb_column][et_pb_column type=\u00bb1_3&#8243; _builder_version=\u00bb4.27.5&#8243; _module_preset=\u00bbdefault\u00bb global_colors_info=\u00bb{}\u00bb theme_builder_area=\u00bbpost_content\u00bb][\/et_pb_column][\/et_pb_row][et_pb_row column_structure=\u00bb1_3,1_3,1_3&#8243; _builder_version=\u00bb4.27.5&#8243; _module_preset=\u00bbdefault\u00bb custom_margin=\u00bb-5px|auto||auto||\u00bb custom_padding=\u00bb3px||16px|||\u00bb global_colors_info=\u00bb{}\u00bb theme_builder_area=\u00bbpost_content\u00bb][et_pb_column type=\u00bb1_3&#8243; _builder_version=\u00bb4.27.5&#8243; _module_preset=\u00bbdefault\u00bb global_colors_info=\u00bb{}\u00bb theme_builder_area=\u00bbpost_content\u00bb][\/et_pb_column][et_pb_column type=\u00bb1_3&#8243; _builder_version=\u00bb4.27.5&#8243; _module_preset=\u00bbdefault\u00bb global_colors_info=\u00bb{}\u00bb theme_builder_area=\u00bbpost_content\u00bb][et_pb_social_media_follow use_icon_font_size=\u00bbon\u00bb icon_font_size=\u00bb24px\u00bb _builder_version=\u00bb4.27.5&#8243; _module_preset=\u00bbdefault\u00bb text_orientation=\u00bbcenter\u00bb global_colors_info=\u00bb{}\u00bb theme_builder_area=\u00bbpost_content\u00bb][et_pb_social_media_follow_network social_network=\u00bbfacebook\u00bb url=\u00bbhttps:\/\/www.facebook.com\/ConstruccionesHuancas\/\u00bb _builder_version=\u00bb4.27.5&#8243; _module_preset=\u00bbdefault\u00bb background_color=\u00bb#3b5998&#8243; global_colors_info=\u00bb{}\u00bb theme_builder_area=\u00bbpost_content\u00bb follow_button=\u00bboff\u00bb url_new_window=\u00bbon\u00bb]facebook[\/et_pb_social_media_follow_network][et_pb_social_media_follow_network social_network=\u00bbtiktok\u00bb url=\u00bbhttps:\/\/www.tiktok.com\/@construcciones_huancas\u00bb _builder_version=\u00bb4.27.5&#8243; _module_preset=\u00bbdefault\u00bb background_color=\u00bb#fe2c55&#8243; global_colors_info=\u00bb{}\u00bb theme_builder_area=\u00bbpost_content\u00bb follow_button=\u00bboff\u00bb url_new_window=\u00bbon\u00bb]tiktok[\/et_pb_social_media_follow_network][et_pb_social_media_follow_network social_network=\u00bbinstagram\u00bb url=\u00bbhttps:\/\/www.instagram.com\/constructorahuancas\/?fbclid=IwY2xjawPXfi1leHRuA2FlbQIxMQBicmlkETFyQzhGODdwa3ZxQWdsTUtUc3J0YwZhcHBfaWQBMAABHgmhgMxggrRWWbn1jM-YDf9fZtCNUbUAJVl059Ix4r2RlAVAlSTiB9-_lgjr_aem_8O4jfUsbIPdwzKf7bv049g\u00bb _builder_version=\u00bb4.27.5&#8243; _module_preset=\u00bbdefault\u00bb background_color=\u00bb#ea2c59&#8243; global_colors_info=\u00bb{}\u00bb theme_builder_area=\u00bbpost_content\u00bb follow_button=\u00bboff\u00bb url_new_window=\u00bbon\u00bb]instagram[\/et_pb_social_media_follow_network][\/et_pb_social_media_follow][\/et_pb_column][et_pb_column type=\u00bb1_3&#8243; _builder_version=\u00bb4.27.5&#8243; _module_preset=\u00bbdefault\u00bb global_colors_info=\u00bb{}\u00bb theme_builder_area=\u00bbpost_content\u00bb][\/et_pb_column][\/et_pb_row][\/et_pb_section]<\/p>\n","protected":false},"excerpt":{"rendered":"<p>Ofrece sus servicios a todas las empresas del pa\u00eds, poniendo a disposici\u00f3n de sus clientes, un equipo de profesionales y t\u00e9cnicos altamente especializados y de gran experiencia.Venimos sirviendo a nuestros clientes desde el a\u00f1o 2019, nos constituimos como una empresa constructora del pa\u00eds, hemos desarrollado proyectos en los sectores de la construcci\u00f3n: Infraestructura, Miner\u00eda, Saneamiento, [&hellip;]<\/p>\n","protected":false},"author":1,"featured_media":0,"parent":0,"menu_order":0,"comment_status":"closed","ping_status":"closed","template":"","meta":{"_et_pb_use_builder":"on","_et_pb_old_content":"","_et_gb_content_width":"","footnotes":""},"class_list":["post-272","page","type-page","status-publish","hentry"],"yoast_head":"<!-- This site is optimized with the Yoast SEO plugin v26.5 - https:\/\/yoast.com\/wordpress\/plugins\/seo\/ -->\n<title>NOSOTROS - Constructora Huancas<\/title>\n<meta name=\"robots\" content=\"index, follow, max-snippet:-1, max-image-preview:large, max-video-preview:-1\" \/>\n<link rel=\"canonical\" href=\"https:\/\/construccioneshuancas.com\/index.php\/nosotros\/\" \/>\n<meta property=\"og:locale\" content=\"es_ES\" \/>\n<meta property=\"og:type\" content=\"article\" \/>\n<meta property=\"og:title\" content=\"NOSOTROS - Constructora Huancas\" \/>\n<meta property=\"og:description\" content=\"Ofrece sus servicios a todas las empresas del pa\u00eds, poniendo a disposici\u00f3n de sus clientes, un equipo de profesionales y t\u00e9cnicos altamente especializados y de gran experiencia.Venimos sirviendo a nuestros clientes desde el a\u00f1o 2019, nos constituimos como una empresa constructora del pa\u00eds, hemos desarrollado proyectos en los sectores de la construcci\u00f3n: Infraestructura, Miner\u00eda, Saneamiento, [&hellip;]\" \/>\n<meta property=\"og:url\" content=\"https:\/\/construccioneshuancas.com\/index.php\/nosotros\/\" \/>\n<meta property=\"og:site_name\" content=\"Constructora Huancas\" \/>\n<meta property=\"article:modified_time\" content=\"2026-02-05T20:56:30+00:00\" \/>\n<meta name=\"twitter:card\" content=\"summary_large_image\" \/>\n<script type=\"application\/ld+json\" class=\"yoast-schema-graph\">{\"@context\":\"https:\/\/schema.org\",\"@graph\":[{\"@type\":\"WebPage\",\"@id\":\"https:\/\/construccioneshuancas.com\/index.php\/nosotros\/\",\"url\":\"https:\/\/construccioneshuancas.com\/index.php\/nosotros\/\",\"name\":\"NOSOTROS - Constructora Huancas\",\"isPartOf\":{\"@id\":\"https:\/\/construccioneshuancas.com\/#website\"},\"datePublished\":\"2025-12-08T22:01:03+00:00\",\"dateModified\":\"2026-02-05T20:56:30+00:00\",\"breadcrumb\":{\"@id\":\"https:\/\/construccioneshuancas.com\/index.php\/nosotros\/#breadcrumb\"},\"inLanguage\":\"es\",\"potentialAction\":[{\"@type\":\"ReadAction\",\"target\":[\"https:\/\/construccioneshuancas.com\/index.php\/nosotros\/\"]}]},{\"@type\":\"BreadcrumbList\",\"@id\":\"https:\/\/construccioneshuancas.com\/index.php\/nosotros\/#breadcrumb\",\"itemListElement\":[{\"@type\":\"ListItem\",\"position\":1,\"name\":\"Portada\",\"item\":\"https:\/\/construccioneshuancas.com\/\"},{\"@type\":\"ListItem\",\"position\":2,\"name\":\"NOSOTROS\"}]},{\"@type\":\"WebSite\",\"@id\":\"https:\/\/construccioneshuancas.com\/#website\",\"url\":\"https:\/\/construccioneshuancas.com\/\",\"name\":\"Constructora Huancas\",\"description\":\"Somos una empresa constructora ubicada en la ciudad de Chiclayo, Per\u00fa.\",\"potentialAction\":[{\"@type\":\"SearchAction\",\"target\":{\"@type\":\"EntryPoint\",\"urlTemplate\":\"https:\/\/construccioneshuancas.com\/?s={search_term_string}\"},\"query-input\":{\"@type\":\"PropertyValueSpecification\",\"valueRequired\":true,\"valueName\":\"search_term_string\"}}],\"inLanguage\":\"es\"}]}<\/script>\n<!-- \/ Yoast SEO plugin. -->","yoast_head_json":{"title":"NOSOTROS - Constructora Huancas","robots":{"index":"index","follow":"follow","max-snippet":"max-snippet:-1","max-image-preview":"max-image-preview:large","max-video-preview":"max-video-preview:-1"},"canonical":"https:\/\/construccioneshuancas.com\/index.php\/nosotros\/","og_locale":"es_ES","og_type":"article","og_title":"NOSOTROS - Constructora Huancas","og_description":"Ofrece sus servicios a todas las empresas del pa\u00eds, poniendo a disposici\u00f3n de sus clientes, un equipo de profesionales y t\u00e9cnicos altamente especializados y de gran experiencia.Venimos sirviendo a nuestros clientes desde el a\u00f1o 2019, nos constituimos como una empresa constructora del pa\u00eds, hemos desarrollado proyectos en los sectores de la construcci\u00f3n: Infraestructura, Miner\u00eda, Saneamiento, [&hellip;]","og_url":"https:\/\/construccioneshuancas.com\/index.php\/nosotros\/","og_site_name":"Constructora Huancas","article_modified_time":"2026-02-05T20:56:30+00:00","twitter_card":"summary_large_image","schema":{"@context":"https:\/\/schema.org","@graph":[{"@type":"WebPage","@id":"https:\/\/construccioneshuancas.com\/index.php\/nosotros\/","url":"https:\/\/construccioneshuancas.com\/index.php\/nosotros\/","name":"NOSOTROS - Constructora Huancas","isPartOf":{"@id":"https:\/\/construccioneshuancas.com\/#website"},"datePublished":"2025-12-08T22:01:03+00:00","dateModified":"2026-02-05T20:56:30+00:00","breadcrumb":{"@id":"https:\/\/construccioneshuancas.com\/index.php\/nosotros\/#breadcrumb"},"inLanguage":"es","potentialAction":[{"@type":"ReadAction","target":["https:\/\/construccioneshuancas.com\/index.php\/nosotros\/"]}]},{"@type":"BreadcrumbList","@id":"https:\/\/construccioneshuancas.com\/index.php\/nosotros\/#breadcrumb","itemListElement":[{"@type":"ListItem","position":1,"name":"Portada","item":"https:\/\/construccioneshuancas.com\/"},{"@type":"ListItem","position":2,"name":"NOSOTROS"}]},{"@type":"WebSite","@id":"https:\/\/construccioneshuancas.com\/#website","url":"https:\/\/construccioneshuancas.com\/","name":"Constructora Huancas","description":"Somos una empresa constructora ubicada en la ciudad de Chiclayo, Per\u00fa.","potentialAction":[{"@type":"SearchAction","target":{"@type":"EntryPoint","urlTemplate":"https:\/\/construccioneshuancas.com\/?s={search_term_string}"},"query-input":{"@type":"PropertyValueSpecification","valueRequired":true,"valueName":"search_term_string"}}],"inLanguage":"es"}]}},"_links":{"self":[{"href":"https:\/\/construccioneshuancas.com\/index.php\/wp-json\/wp\/v2\/pages\/272","targetHints":{"allow":["GET"]}}],"collection":[{"href":"https:\/\/construccioneshuancas.com\/index.php\/wp-json\/wp\/v2\/pages"}],"about":[{"href":"https:\/\/construccioneshuancas.com\/index.php\/wp-json\/wp\/v2\/types\/page"}],"author":[{"embeddable":true,"href":"https:\/\/construccioneshuancas.com\/index.php\/wp-json\/wp\/v2\/users\/1"}],"replies":[{"embeddable":true,"href":"https:\/\/construccioneshuancas.com\/index.php\/wp-json\/wp\/v2\/comments?post=272"}],"version-history":[{"count":44,"href":"https:\/\/construccioneshuancas.com\/index.php\/wp-json\/wp\/v2\/pages\/272\/revisions"}],"predecessor-version":[{"id":422,"href":"https:\/\/construccioneshuancas.com\/index.php\/wp-json\/wp\/v2\/pages\/272\/revisions\/422"}],"wp:attachment":[{"href":"https:\/\/construccioneshuancas.com\/index.php\/wp-json\/wp\/v2\/media?parent=272"}],"curies":[{"name":"wp","href":"https:\/\/api.w.org\/{rel}","templated":true}]}}